{"id":986,"date":"2021-03-26T20:35:15","date_gmt":"2021-03-26T20:35:15","guid":{"rendered":"https:\/\/prepre.udp.cl\/?page_id=986"},"modified":"2021-04-01T13:16:58","modified_gmt":"2021-04-01T13:16:58","slug":"seminario2","status":"publish","type":"page","link":"https:\/\/prepre.udp.cl\/en\/tra\/seminario2\/","title":{"rendered":"(Espa\u00f1ol) Diversidad de familias y acceso a las T\u00e9cnicas de Reproducci\u00f3n m\u00e9dicamente Asistida"},"content":{"rendered":"","protected":false},"excerpt":{"rendered":"","protected":false},"author":6,"featured_media":953,"parent":939,"menu_order":2,"comment_status":"closed","ping_status":"closed","template":"programacion-template.php","meta":{"_acf_changed":false,"footnotes":""},"class_list":["post-986","page","type-page","status-publish","has-post-thumbnail","hentry"],"acf":[],"css":"background:url('https:\/\/prepre.udp.cl\/cms\/wp-content\/uploads\/2021\/03\/Captura-de-Pantalla-2021-03-26-a-las-16.59.09.png');","_links":{"self":[{"href":"https:\/\/prepre.udp.cl\/en\/wp-json\/wp\/v2\/pages\/986"}],"collection":[{"href":"https:\/\/prepre.udp.cl\/en\/wp-json\/wp\/v2\/pages"}],"about":[{"href":"https:\/\/prepre.udp.cl\/en\/wp-json\/wp\/v2\/types\/page"}],"author":[{"embeddable":true,"href":"https:\/\/prepre.udp.cl\/en\/wp-json\/wp\/v2\/users\/6"}],"replies":[{"embeddable":true,"href":"https:\/\/prepre.udp.cl\/en\/wp-json\/wp\/v2\/comments?post=986"}],"version-history":[{"count":11,"href":"https:\/\/prepre.udp.cl\/en\/wp-json\/wp\/v2\/pages\/986\/revisions"}],"predecessor-version":[{"id":1042,"href":"https:\/\/prepre.udp.cl\/en\/wp-json\/wp\/v2\/pages\/986\/revisions\/1042"}],"up":[{"embeddable":true,"href":"https:\/\/prepre.udp.cl\/en\/wp-json\/wp\/v2\/pages\/939"}],"wp:featuredmedia":[{"embeddable":true,"href":"https:\/\/prepre.udp.cl\/en\/wp-json\/wp\/v2\/media\/953"}],"wp:attachment":[{"href":"https:\/\/prepre.udp.cl\/en\/wp-json\/wp\/v2\/media?parent=986"}],"curies":[{"name":"wp","href":"https:\/\/api.w.org\/{rel}","templated":true}]}}