{"id":939,"date":"2021-03-26T21:09:12","date_gmt":"2021-03-26T21:09:12","guid":{"rendered":"https:\/\/prepre.udp.cl\/?page_id=939"},"modified":"2022-08-04T20:32:25","modified_gmt":"2022-08-04T20:32:25","slug":"tra","status":"publish","type":"page","link":"https:\/\/prepre.udp.cl\/en\/tra\/","title":{"rendered":"(Espa\u00f1ol) Ciclo de seminarios &#8220;Hacia una legislaci\u00f3n que regule las t\u00e9cnicas de reproducci\u00f3n m\u00e9dicamente asistida en Chile&#8221;"},"content":{"rendered":"<p class=\"qtranxs-available-languages-message qtranxs-available-languages-message-en\">Sorry, this entry is only available in <a href=\"https:\/\/prepre.udp.cl\/es\/wp-json\/wp\/v2\/pages\/939\" class=\"qtranxs-available-language-link qtranxs-available-language-link-es\" title=\"Espa\u00f1ol\">Espa\u00f1ol<\/a>.<\/p>","protected":false},"excerpt":{"rendered":"<p>Sorry, this entry is only available in Espa\u00f1ol.<\/p>\n","protected":false},"author":6,"featured_media":1056,"parent":0,"menu_order":0,"comment_status":"closed","ping_status":"closed","template":"collapsbile-template.php","meta":{"_acf_changed":false,"footnotes":""},"class_list":["post-939","page","type-page","status-publish","has-post-thumbnail","hentry"],"acf":[],"css":"background:url('https:\/\/prepre.udp.cl\/cms\/wp-content\/uploads\/2021\/04\/pexels-photo-3671116-e1617303342149.jpeg');","_links":{"self":[{"href":"https:\/\/prepre.udp.cl\/en\/wp-json\/wp\/v2\/pages\/939"}],"collection":[{"href":"https:\/\/prepre.udp.cl\/en\/wp-json\/wp\/v2\/pages"}],"about":[{"href":"https:\/\/prepre.udp.cl\/en\/wp-json\/wp\/v2\/types\/page"}],"author":[{"embeddable":true,"href":"https:\/\/prepre.udp.cl\/en\/wp-json\/wp\/v2\/users\/6"}],"replies":[{"embeddable":true,"href":"https:\/\/prepre.udp.cl\/en\/wp-json\/wp\/v2\/comments?post=939"}],"version-history":[{"count":19,"href":"https:\/\/prepre.udp.cl\/en\/wp-json\/wp\/v2\/pages\/939\/revisions"}],"predecessor-version":[{"id":1164,"href":"https:\/\/prepre.udp.cl\/en\/wp-json\/wp\/v2\/pages\/939\/revisions\/1164"}],"wp:featuredmedia":[{"embeddable":true,"href":"https:\/\/prepre.udp.cl\/en\/wp-json\/wp\/v2\/media\/1056"}],"wp:attachment":[{"href":"https:\/\/prepre.udp.cl\/en\/wp-json\/wp\/v2\/media?parent=939"}],"curies":[{"name":"wp","href":"https:\/\/api.w.org\/{rel}","templated":true}]}}