{"id":159,"date":"2019-07-06T13:52:40","date_gmt":"2019-07-06T13:52:40","guid":{"rendered":"http:\/\/prepre.udp.cl\/cms\/?page_id=159"},"modified":"2019-09-25T09:11:55","modified_gmt":"2019-09-25T09:11:55","slug":"simposio-modificando-el-genoma-hacia-donde-vamos-una-mirada-desde-la-ciencia-y-la-bioetica","status":"publish","type":"page","link":"https:\/\/prepre.udp.cl\/en\/simposio-modificando-el-genoma-hacia-donde-vamos-una-mirada-desde-la-ciencia-y-la-bioetica\/","title":{"rendered":"Simposio Modificando el Genoma. \u00bfHacia d\u00f3nde vamos? Una mirada desde la ciencia, la bio\u00e9tica y las pol\u00edticas p\u00fablicas"},"content":{"rendered":"","protected":false},"excerpt":{"rendered":"","protected":false},"author":4,"featured_media":659,"parent":0,"menu_order":0,"comment_status":"closed","ping_status":"closed","template":"","meta":{"_acf_changed":false,"footnotes":""},"class_list":["post-159","page","type-page","status-publish","has-post-thumbnail","hentry"],"acf":[],"css":"background:url('https:\/\/prepre.udp.cl\/cms\/wp-content\/uploads\/2019\/08\/CSyBNP06-min.jpg');","_links":{"self":[{"href":"https:\/\/prepre.udp.cl\/en\/wp-json\/wp\/v2\/pages\/159"}],"collection":[{"href":"https:\/\/prepre.udp.cl\/en\/wp-json\/wp\/v2\/pages"}],"about":[{"href":"https:\/\/prepre.udp.cl\/en\/wp-json\/wp\/v2\/types\/page"}],"author":[{"embeddable":true,"href":"https:\/\/prepre.udp.cl\/en\/wp-json\/wp\/v2\/users\/4"}],"replies":[{"embeddable":true,"href":"https:\/\/prepre.udp.cl\/en\/wp-json\/wp\/v2\/comments?post=159"}],"version-history":[{"count":4,"href":"https:\/\/prepre.udp.cl\/en\/wp-json\/wp\/v2\/pages\/159\/revisions"}],"predecessor-version":[{"id":660,"href":"https:\/\/prepre.udp.cl\/en\/wp-json\/wp\/v2\/pages\/159\/revisions\/660"}],"wp:featuredmedia":[{"embeddable":true,"href":"https:\/\/prepre.udp.cl\/en\/wp-json\/wp\/v2\/media\/659"}],"wp:attachment":[{"href":"https:\/\/prepre.udp.cl\/en\/wp-json\/wp\/v2\/media?parent=159"}],"curies":[{"name":"wp","href":"https:\/\/api.w.org\/{rel}","templated":true}]}}